{"id":6379,"date":"2024-12-03T15:10:44","date_gmt":"2024-12-03T14:10:44","guid":{"rendered":"https:\/\/dutchlanguagecourses.nl\/?page_id=6379"},"modified":"2025-01-24T15:36:52","modified_gmt":"2025-01-24T14:36:52","slug":"werken-bij-ons","status":"publish","type":"page","link":"https:\/\/dutchlanguagecourses.nl\/nl\/werken-bij-ons\/","title":{"rendered":"Werken bij ons"},"content":{"rendered":"<style>.wp-block-kadence-advancedheading.kt-adv-heading6379_05a8ee-13, .wp-block-kadence-advancedheading.kt-adv-heading6379_05a8ee-13[data-kb-block=\"kb-adv-heading6379_05a8ee-13\"]{margin-top:72px;font-style:normal;}.wp-block-kadence-advancedheading.kt-adv-heading6379_05a8ee-13 mark.kt-highlight, .wp-block-kadence-advancedheading.kt-adv-heading6379_05a8ee-13[data-kb-block=\"kb-adv-heading6379_05a8ee-13\"] mark.kt-highlight{font-style:normal;color:#f76a0c;-webkit-box-decoration-break:clone;box-decoration-break:clone;padding-top:0px;padding-right:0px;padding-bottom:0px;padding-left:0px;}.wp-block-kadence-advancedheading.kt-adv-heading6379_05a8ee-13 img.kb-inline-image, .wp-block-kadence-advancedheading.kt-adv-heading6379_05a8ee-13[data-kb-block=\"kb-adv-heading6379_05a8ee-13\"] img.kb-inline-image{width:150px;vertical-align:baseline;}<\/style>\n<h2 class=\"kt-adv-heading6379_05a8ee-13 wp-block-kadence-advancedheading\" data-kb-block=\"kb-adv-heading6379_05a8ee-13\"><strong><strong>Werken als taaltrainer Nederlands (NT2) bij Baay DLC<\/strong><\/strong><\/h2>\n\n\n<style>.kb-row-layout-id6379_1c0c1b-fb > .kt-row-column-wrap{align-content:start;}:where(.kb-row-layout-id6379_1c0c1b-fb > .kt-row-column-wrap) > .wp-block-kadence-column{justify-content:start;}.kb-row-layout-id6379_1c0c1b-fb > .kt-row-column-wrap{column-gap:var(--global-kb-gap-md, 2rem);row-gap:var(--global-kb-gap-md, 2rem);padding-top:var(--global-kb-spacing-sm, 1.5rem);padding-bottom:var(--global-kb-spacing-xxl, 5rem);grid-template-columns:repeat(2, minmax(0, 1fr));}.kb-row-layout-id6379_1c0c1b-fb > .kt-row-layout-overlay{opacity:0.30;}@media all and (max-width: 1024px){.kb-row-layout-id6379_1c0c1b-fb > .kt-row-column-wrap{grid-template-columns:minmax(0, 1fr);}}@media all and (max-width: 767px){.kb-row-layout-id6379_1c0c1b-fb > .kt-row-column-wrap{grid-template-columns:minmax(0, 1fr);}}<\/style><div class=\"kb-row-layout-wrap kb-row-layout-id6379_1c0c1b-fb alignnone wp-block-kadence-rowlayout\"><div class=\"kt-row-column-wrap kt-has-2-columns kt-row-layout-equal kt-tab-layout-row kt-mobile-layout-row kt-row-valign-top\">\n<style>.kadence-column6379_73d14f-d5 > .kt-inside-inner-col,.kadence-column6379_73d14f-d5 > .kt-inside-inner-col:before{border-top-left-radius:0px;border-top-right-radius:0px;border-bottom-right-radius:0px;border-bottom-left-radius:0px;}.kadence-column6379_73d14f-d5 > .kt-inside-inner-col{column-gap:var(--global-kb-gap-sm, 1rem);}.kadence-column6379_73d14f-d5 > .kt-inside-inner-col{flex-direction:column;}.kadence-column6379_73d14f-d5 > .kt-inside-inner-col > .aligncenter{width:100%;}.kadence-column6379_73d14f-d5 > .kt-inside-inner-col:before{opacity:0.3;}.kadence-column6379_73d14f-d5{position:relative;}@media all and (max-width: 1024px){.kadence-column6379_73d14f-d5 > .kt-inside-inner-col{flex-direction:column;justify-content:center;}}@media all and (max-width: 767px){.kadence-column6379_73d14f-d5 > .kt-inside-inner-col{flex-direction:column;justify-content:center;}}<\/style>\n<div class=\"wp-block-kadence-column kadence-column6379_73d14f-d5\"><div class=\"kt-inside-inner-col\">\n<figure class=\"wp-block-image size-full\"><img loading=\"lazy\" decoding=\"async\" width=\"800\" height=\"800\" src=\"https:\/\/dutchlanguagecourses.nl\/wp-content\/uploads\/2024\/12\/werken-bij-ons-800.jpg\" alt=\"werken bij ons\" class=\"wp-image-6382\" srcset=\"https:\/\/dutchlanguagecourses.nl\/wp-content\/uploads\/2024\/12\/werken-bij-ons-800.jpg 800w, https:\/\/dutchlanguagecourses.nl\/wp-content\/uploads\/2024\/12\/werken-bij-ons-800-300x300.jpg 300w, https:\/\/dutchlanguagecourses.nl\/wp-content\/uploads\/2024\/12\/werken-bij-ons-800-150x150.jpg 150w, https:\/\/dutchlanguagecourses.nl\/wp-content\/uploads\/2024\/12\/werken-bij-ons-800-768x768.jpg 768w\" sizes=\"auto, (max-width: 800px) 100vw, 800px\" \/><\/figure>\n<\/div><\/div>\n\n\n<style>.kadence-column6379_30ff54-14 > .kt-inside-inner-col,.kadence-column6379_30ff54-14 > .kt-inside-inner-col:before{border-top-left-radius:0px;border-top-right-radius:0px;border-bottom-right-radius:0px;border-bottom-left-radius:0px;}.kadence-column6379_30ff54-14 > .kt-inside-inner-col{column-gap:var(--global-kb-gap-sm, 1rem);}.kadence-column6379_30ff54-14 > .kt-inside-inner-col{flex-direction:column;}.kadence-column6379_30ff54-14 > .kt-inside-inner-col > .aligncenter{width:100%;}.kadence-column6379_30ff54-14 > .kt-inside-inner-col:before{opacity:0.3;}.kadence-column6379_30ff54-14{position:relative;}@media all and (max-width: 1024px){.kadence-column6379_30ff54-14 > .kt-inside-inner-col{flex-direction:column;justify-content:center;}}@media all and (max-width: 767px){.kadence-column6379_30ff54-14 > .kt-inside-inner-col{flex-direction:column;justify-content:center;}}<\/style>\n<div class=\"wp-block-kadence-column kadence-column6379_30ff54-14\"><div class=\"kt-inside-inner-col\">\n<p>Ben je een representatieve en ervaren taaltrainer Nederlands? Werk je als zzp-er, ben je flexibel inzetbaar en lijkt het je leuk om als taaltrainer ons team te versterken?<\/p>\n\n\n\n<p>Dan nodigen wij je graag uit voor een kennismaking.<\/p>\n\n\n\n<p>Baay DLC organiseert zowel open groepscursussen voor internationals als zakelijke taaltrainingen op maat voor bedrijven en organisaties in Rotterdam en omgeving. De trainingen vinden incompany plaats, op ons taalinstituut aan de Wijnhaven in Rotterdam of virtueel.<\/p>\n\n\n\n<p>We trainen deelnemers op alle niveaus. Het kunnen individuele trajecten zijn, maar ook groepscursussen vari\u00ebrend van \u00e9\u00e9n tot meerdere keren per week tot een intensief traject.<\/p>\n\n\n\n<p>Baay DLC is een kleine organisatie met aandacht voor docentendagen en meetups. Het betekent dat de trainers elkaar kennen en goed samenwerken.<\/p>\n\n\n\n<p>Spreekt onze organisatie je aan? Neem gerust contact met ons op voor een kennismakingsgesprek. Stuur een berichtje naar&nbsp;<a href=\"mailto:info@dutchlanguagecourses.nl\">info@dutchlanguagecourses.nl<\/a>&nbsp;of bel 06 19870786.<\/p>\n<\/div><\/div>\n\n<\/div><\/div>","protected":false},"excerpt":{"rendered":"<p>Werken als taaltrainer Nederlands (NT2) bij Baay DLC Ben je een representatieve en ervaren taaltrainer Nederlands? Werk je als zzp-er, ben je flexibel inzetbaar en lijkt het je leuk om als taaltrainer ons team te versterken? Dan nodigen wij je graag uit voor een kennismaking. Baay DLC organiseert zowel open groepscursussen voor internationals als zakelijke&#8230;<\/p>\n","protected":false},"author":4,"featured_media":0,"parent":0,"menu_order":0,"comment_status":"closed","ping_status":"closed","template":"","meta":{"_kad_blocks_custom_css":"","_kad_blocks_head_custom_js":"","_kad_blocks_body_custom_js":"","_kad_blocks_footer_custom_js":"","_monsterinsights_skip_tracking":false,"_monsterinsights_sitenote_active":false,"_monsterinsights_sitenote_note":"","_monsterinsights_sitenote_category":0,"_kad_post_transparent":"","_kad_post_title":"show","_kad_post_layout":"","_kad_post_sidebar_id":"","_kad_post_content_style":"","_kad_post_vertical_padding":"","_kad_post_feature":"","_kad_post_feature_position":"","_kad_post_header":false,"_kad_post_footer":false,"_kad_post_classname":"","footnotes":""},"class_list":["post-6379","page","type-page","status-publish","hentry"],"yoast_head":"<!-- This site is optimized with the Yoast SEO plugin v27.4 - https:\/\/yoast.com\/product\/yoast-seo-wordpress\/ -->\n<title>Werken bij ons - Baay Dutch Language Courses<\/title>\n<meta name=\"description\" content=\"Ben je een representatieve en ervaren taaltrainer Nederlands? Werk je als zzp-er, ben je flexibel inzetbaar en lijkt het je leuk om als taaltrainer ons team te versterken?\" \/>\n<meta name=\"robots\" content=\"index, follow, max-snippet:-1, max-image-preview:large, max-video-preview:-1\" \/>\n<link rel=\"canonical\" href=\"https:\/\/dutchlanguagecourses.nl\/nl\/werken-bij-ons\/\" \/>\n<meta property=\"og:locale\" content=\"nl_NL\" \/>\n<meta property=\"og:type\" content=\"article\" \/>\n<meta property=\"og:title\" content=\"Werken bij ons - Baay Dutch Language Courses\" \/>\n<meta property=\"og:description\" content=\"Ben je een representatieve en ervaren taaltrainer Nederlands? Werk je als zzp-er, ben je flexibel inzetbaar en lijkt het je leuk om als taaltrainer ons team te versterken?\" \/>\n<meta property=\"og:url\" content=\"https:\/\/dutchlanguagecourses.nl\/nl\/werken-bij-ons\/\" \/>\n<meta property=\"og:site_name\" content=\"Baay Dutch Language Courses\" \/>\n<meta property=\"article:publisher\" content=\"https:\/\/www.facebook.com\/Baaylanguagecourses\" \/>\n<meta property=\"article:modified_time\" content=\"2025-01-24T14:36:52+00:00\" \/>\n<meta property=\"og:image\" content=\"https:\/\/dutchlanguagecourses.nl\/wp-content\/uploads\/2024\/12\/werken-bij-ons-800.jpg\" \/>\n\t<meta property=\"og:image:width\" content=\"800\" \/>\n\t<meta property=\"og:image:height\" content=\"800\" \/>\n\t<meta property=\"og:image:type\" content=\"image\/jpeg\" \/>\n<meta name=\"twitter:card\" content=\"summary_large_image\" \/>\n<meta name=\"twitter:label1\" content=\"Geschatte leestijd\" \/>\n\t<meta name=\"twitter:data1\" content=\"1 minuut\" \/>\n<script type=\"application\/ld+json\" class=\"yoast-schema-graph\">{\"@context\":\"https:\\\/\\\/schema.org\",\"@graph\":[{\"@type\":\"WebPage\",\"@id\":\"https:\\\/\\\/dutchlanguagecourses.nl\\\/nl\\\/werken-bij-ons\\\/\",\"url\":\"https:\\\/\\\/dutchlanguagecourses.nl\\\/nl\\\/werken-bij-ons\\\/\",\"name\":\"Werken bij ons - Baay Dutch Language Courses\",\"isPartOf\":{\"@id\":\"https:\\\/\\\/dutchlanguagecourses.nl\\\/nl\\\/#website\"},\"primaryImageOfPage\":{\"@id\":\"https:\\\/\\\/dutchlanguagecourses.nl\\\/nl\\\/werken-bij-ons\\\/#primaryimage\"},\"image\":{\"@id\":\"https:\\\/\\\/dutchlanguagecourses.nl\\\/nl\\\/werken-bij-ons\\\/#primaryimage\"},\"thumbnailUrl\":\"https:\\\/\\\/dutchlanguagecourses.nl\\\/wp-content\\\/uploads\\\/2024\\\/12\\\/werken-bij-ons-800.jpg\",\"datePublished\":\"2024-12-03T14:10:44+00:00\",\"dateModified\":\"2025-01-24T14:36:52+00:00\",\"description\":\"Ben je een representatieve en ervaren taaltrainer Nederlands? Werk je als zzp-er, ben je flexibel inzetbaar en lijkt het je leuk om als taaltrainer ons team te versterken?\",\"breadcrumb\":{\"@id\":\"https:\\\/\\\/dutchlanguagecourses.nl\\\/nl\\\/werken-bij-ons\\\/#breadcrumb\"},\"inLanguage\":\"nl-NL\",\"potentialAction\":[{\"@type\":\"ReadAction\",\"target\":[\"https:\\\/\\\/dutchlanguagecourses.nl\\\/nl\\\/werken-bij-ons\\\/\"]}]},{\"@type\":\"ImageObject\",\"inLanguage\":\"nl-NL\",\"@id\":\"https:\\\/\\\/dutchlanguagecourses.nl\\\/nl\\\/werken-bij-ons\\\/#primaryimage\",\"url\":\"https:\\\/\\\/dutchlanguagecourses.nl\\\/wp-content\\\/uploads\\\/2024\\\/12\\\/werken-bij-ons-800.jpg\",\"contentUrl\":\"https:\\\/\\\/dutchlanguagecourses.nl\\\/wp-content\\\/uploads\\\/2024\\\/12\\\/werken-bij-ons-800.jpg\"},{\"@type\":\"BreadcrumbList\",\"@id\":\"https:\\\/\\\/dutchlanguagecourses.nl\\\/nl\\\/werken-bij-ons\\\/#breadcrumb\",\"itemListElement\":[{\"@type\":\"ListItem\",\"position\":1,\"name\":\"Home\",\"item\":\"https:\\\/\\\/dutchlanguagecourses.nl\\\/nl\\\/\"},{\"@type\":\"ListItem\",\"position\":2,\"name\":\"Werken bij ons\"}]},{\"@type\":\"WebSite\",\"@id\":\"https:\\\/\\\/dutchlanguagecourses.nl\\\/nl\\\/#website\",\"url\":\"https:\\\/\\\/dutchlanguagecourses.nl\\\/nl\\\/\",\"name\":\"Baay Dutch Language Courses\",\"description\":\"Everyone smiles in the same language\",\"publisher\":{\"@id\":\"https:\\\/\\\/dutchlanguagecourses.nl\\\/nl\\\/#organization\"},\"potentialAction\":[{\"@type\":\"SearchAction\",\"target\":{\"@type\":\"EntryPoint\",\"urlTemplate\":\"https:\\\/\\\/dutchlanguagecourses.nl\\\/nl\\\/?s={search_term_string}\"},\"query-input\":{\"@type\":\"PropertyValueSpecification\",\"valueRequired\":true,\"valueName\":\"search_term_string\"}}],\"inLanguage\":\"nl-NL\"},{\"@type\":\"Organization\",\"@id\":\"https:\\\/\\\/dutchlanguagecourses.nl\\\/nl\\\/#organization\",\"name\":\"Baay Dutch language courses\",\"url\":\"https:\\\/\\\/dutchlanguagecourses.nl\\\/nl\\\/\",\"logo\":{\"@type\":\"ImageObject\",\"inLanguage\":\"nl-NL\",\"@id\":\"https:\\\/\\\/dutchlanguagecourses.nl\\\/nl\\\/#\\\/schema\\\/logo\\\/image\\\/\",\"url\":\"https:\\\/\\\/dutchlanguagecourses.nl\\\/wp-content\\\/uploads\\\/2018\\\/09\\\/baay-logo-e1546006387834.jpg\",\"contentUrl\":\"https:\\\/\\\/dutchlanguagecourses.nl\\\/wp-content\\\/uploads\\\/2018\\\/09\\\/baay-logo-e1546006387834.jpg\",\"width\":300,\"height\":157,\"caption\":\"Baay Dutch language courses\"},\"image\":{\"@id\":\"https:\\\/\\\/dutchlanguagecourses.nl\\\/nl\\\/#\\\/schema\\\/logo\\\/image\\\/\"},\"sameAs\":[\"https:\\\/\\\/www.facebook.com\\\/Baaylanguagecourses\",\"https:\\\/\\\/www.instagram.com\\\/baaydutchlanguagecourses\\\/\"]}]}<\/script>\n<!-- \/ Yoast SEO plugin. -->","yoast_head_json":{"title":"Werken bij ons - Baay Dutch Language Courses","description":"Ben je een representatieve en ervaren taaltrainer Nederlands? Werk je als zzp-er, ben je flexibel inzetbaar en lijkt het je leuk om als taaltrainer ons team te versterken?","robots":{"index":"index","follow":"follow","max-snippet":"max-snippet:-1","max-image-preview":"max-image-preview:large","max-video-preview":"max-video-preview:-1"},"canonical":"https:\/\/dutchlanguagecourses.nl\/nl\/werken-bij-ons\/","og_locale":"nl_NL","og_type":"article","og_title":"Werken bij ons - Baay Dutch Language Courses","og_description":"Ben je een representatieve en ervaren taaltrainer Nederlands? Werk je als zzp-er, ben je flexibel inzetbaar en lijkt het je leuk om als taaltrainer ons team te versterken?","og_url":"https:\/\/dutchlanguagecourses.nl\/nl\/werken-bij-ons\/","og_site_name":"Baay Dutch Language Courses","article_publisher":"https:\/\/www.facebook.com\/Baaylanguagecourses","article_modified_time":"2025-01-24T14:36:52+00:00","og_image":[{"width":800,"height":800,"url":"https:\/\/dutchlanguagecourses.nl\/wp-content\/uploads\/2024\/12\/werken-bij-ons-800.jpg","type":"image\/jpeg"}],"twitter_card":"summary_large_image","twitter_misc":{"Geschatte leestijd":"1 minuut"},"schema":{"@context":"https:\/\/schema.org","@graph":[{"@type":"WebPage","@id":"https:\/\/dutchlanguagecourses.nl\/nl\/werken-bij-ons\/","url":"https:\/\/dutchlanguagecourses.nl\/nl\/werken-bij-ons\/","name":"Werken bij ons - Baay Dutch Language Courses","isPartOf":{"@id":"https:\/\/dutchlanguagecourses.nl\/nl\/#website"},"primaryImageOfPage":{"@id":"https:\/\/dutchlanguagecourses.nl\/nl\/werken-bij-ons\/#primaryimage"},"image":{"@id":"https:\/\/dutchlanguagecourses.nl\/nl\/werken-bij-ons\/#primaryimage"},"thumbnailUrl":"https:\/\/dutchlanguagecourses.nl\/wp-content\/uploads\/2024\/12\/werken-bij-ons-800.jpg","datePublished":"2024-12-03T14:10:44+00:00","dateModified":"2025-01-24T14:36:52+00:00","description":"Ben je een representatieve en ervaren taaltrainer Nederlands? Werk je als zzp-er, ben je flexibel inzetbaar en lijkt het je leuk om als taaltrainer ons team te versterken?","breadcrumb":{"@id":"https:\/\/dutchlanguagecourses.nl\/nl\/werken-bij-ons\/#breadcrumb"},"inLanguage":"nl-NL","potentialAction":[{"@type":"ReadAction","target":["https:\/\/dutchlanguagecourses.nl\/nl\/werken-bij-ons\/"]}]},{"@type":"ImageObject","inLanguage":"nl-NL","@id":"https:\/\/dutchlanguagecourses.nl\/nl\/werken-bij-ons\/#primaryimage","url":"https:\/\/dutchlanguagecourses.nl\/wp-content\/uploads\/2024\/12\/werken-bij-ons-800.jpg","contentUrl":"https:\/\/dutchlanguagecourses.nl\/wp-content\/uploads\/2024\/12\/werken-bij-ons-800.jpg"},{"@type":"BreadcrumbList","@id":"https:\/\/dutchlanguagecourses.nl\/nl\/werken-bij-ons\/#breadcrumb","itemListElement":[{"@type":"ListItem","position":1,"name":"Home","item":"https:\/\/dutchlanguagecourses.nl\/nl\/"},{"@type":"ListItem","position":2,"name":"Werken bij ons"}]},{"@type":"WebSite","@id":"https:\/\/dutchlanguagecourses.nl\/nl\/#website","url":"https:\/\/dutchlanguagecourses.nl\/nl\/","name":"Baay Dutch Language Courses","description":"Everyone smiles in the same language","publisher":{"@id":"https:\/\/dutchlanguagecourses.nl\/nl\/#organization"},"potentialAction":[{"@type":"SearchAction","target":{"@type":"EntryPoint","urlTemplate":"https:\/\/dutchlanguagecourses.nl\/nl\/?s={search_term_string}"},"query-input":{"@type":"PropertyValueSpecification","valueRequired":true,"valueName":"search_term_string"}}],"inLanguage":"nl-NL"},{"@type":"Organization","@id":"https:\/\/dutchlanguagecourses.nl\/nl\/#organization","name":"Baay Dutch language courses","url":"https:\/\/dutchlanguagecourses.nl\/nl\/","logo":{"@type":"ImageObject","inLanguage":"nl-NL","@id":"https:\/\/dutchlanguagecourses.nl\/nl\/#\/schema\/logo\/image\/","url":"https:\/\/dutchlanguagecourses.nl\/wp-content\/uploads\/2018\/09\/baay-logo-e1546006387834.jpg","contentUrl":"https:\/\/dutchlanguagecourses.nl\/wp-content\/uploads\/2018\/09\/baay-logo-e1546006387834.jpg","width":300,"height":157,"caption":"Baay Dutch language courses"},"image":{"@id":"https:\/\/dutchlanguagecourses.nl\/nl\/#\/schema\/logo\/image\/"},"sameAs":["https:\/\/www.facebook.com\/Baaylanguagecourses","https:\/\/www.instagram.com\/baaydutchlanguagecourses\/"]}]}},"taxonomy_info":[],"featured_image_src_large":false,"author_info":{"display_name":"Websitekoers","author_link":"https:\/\/dutchlanguagecourses.nl\/nl\/author\/websitekoers\/"},"comment_info":0,"_links":{"self":[{"href":"https:\/\/dutchlanguagecourses.nl\/nl\/wp-json\/wp\/v2\/pages\/6379","targetHints":{"allow":["GET"]}}],"collection":[{"href":"https:\/\/dutchlanguagecourses.nl\/nl\/wp-json\/wp\/v2\/pages"}],"about":[{"href":"https:\/\/dutchlanguagecourses.nl\/nl\/wp-json\/wp\/v2\/types\/page"}],"author":[{"embeddable":true,"href":"https:\/\/dutchlanguagecourses.nl\/nl\/wp-json\/wp\/v2\/users\/4"}],"replies":[{"embeddable":true,"href":"https:\/\/dutchlanguagecourses.nl\/nl\/wp-json\/wp\/v2\/comments?post=6379"}],"version-history":[{"count":0,"href":"https:\/\/dutchlanguagecourses.nl\/nl\/wp-json\/wp\/v2\/pages\/6379\/revisions"}],"wp:attachment":[{"href":"https:\/\/dutchlanguagecourses.nl\/nl\/wp-json\/wp\/v2\/media?parent=6379"}],"curies":[{"name":"wp","href":"https:\/\/api.w.org\/{rel}","templated":true}]}}